{"id":8727,"date":"2024-02-05T14:38:02","date_gmt":"2024-02-05T11:38:02","guid":{"rendered":"https:\/\/www.gadfoundation.com\/?page_id=8727"},"modified":"2024-04-30T14:47:22","modified_gmt":"2024-04-30T11:47:22","slug":"gad-pavilion","status":"publish","type":"page","link":"https:\/\/www.gadfoundation.com\/tr\/gad-pavilion\/","title":{"rendered":"GAD PAVILION"},"content":{"rendered":"<div id=\"fws_69f3ed88e3890\"  data-column-margin=\"default\" data-midnight=\"dark\" data-top-percent=\"7%\" data-bottom-percent=\"7%\"  class=\"wpb_row vc_row-fluid vc_row full-width-section\"  style=\"padding-top: calc(100vw * 0.07); padding-bottom: calc(100vw * 0.07); \"><div class=\"row-bg-wrap\" data-bg-animation=\"none\" data-bg-animation-delay=\"\" data-bg-overlay=\"false\"><div class=\"inner-wrap row-bg-layer\" ><div class=\"row-bg viewport-desktop\"  style=\"\"><\/div><\/div><\/div><div class=\"row_col_wrap_12 col span_12 dark left\">\n\t<div  class=\"vc_col-sm-12 wpb_column column_container vc_column_container col no-extra-padding inherit_tablet inherit_phone\"  data-padding-pos=\"all\" data-has-bg-color=\"false\" data-bg-color=\"\" data-bg-opacity=\"1\" data-animation=\"\" data-delay=\"0\" >\n\t\t<div class=\"vc_column-inner\" >\n\t\t\t<div class=\"wpb_wrapper\">\n\t\t\t\t<div class=\"nectar-split-heading\" data-align=\"default\" data-m-align=\"inherit\" data-text-effect=\"default\" data-animation-type=\"line-reveal-by-space\" data-animation-delay=\"0\" data-animation-offset=\"\" data-m-rm-animation=\"\" data-stagger=\"\" data-custom-font-size=\"false\" ><h1 >GAD PAVILION<\/h1><\/div><div class=\"owl-carousel\" data-enable-animation=\"true\" data-loop=\"false\"  data-animation-delay=\"0\" data-autorotate=\"true\" data-autorotation-speed=\"6000\" data-column-padding=\"20px\" data-desktop-cols=\"3\" data-desktop-small-cols=\"3\" data-tablet-cols=\"2\" data-mobile-cols=\"1\"><div class=\"carousel-item\"><div class=\"team-member\" data-style=\"meta_below\"><img decoding=\"async\" alt=\"\" src=\"https:\/\/www.gadfoundation.com\/wp-content\/uploads\/2024\/02\/ivy04_sky-scaled.jpg\" title=\"Serpent\u0131ne Gallery 1\" \/><h4 class=\"light\">Serpent\u0131ne Gallery 1<\/h4><div class=\"position\"><\/div><p class=\"description\"><\/p><\/div><\/div><div class=\"carousel-item\"><div class=\"team-member\" data-style=\"meta_below\"><img decoding=\"async\" alt=\"\" src=\"https:\/\/www.gadfoundation.com\/wp-content\/uploads\/2024\/02\/ivy03_sky_01-scaled.jpg\" title=\"Serpent\u0131ne Gallery 2\" \/><h4 class=\"light\">Serpent\u0131ne Gallery 2<\/h4><div class=\"position\"><\/div><p class=\"description\"><\/p><\/div><\/div><div class=\"carousel-item\"><div class=\"team-member\" data-style=\"meta_below\"><img decoding=\"async\" alt=\"\" src=\"https:\/\/www.gadfoundation.com\/wp-content\/uploads\/2024\/02\/ivy06_sky-scaled.jpg\" title=\"Serpent\u0131ne Gallery 3\" \/><h4 class=\"light\">Serpent\u0131ne Gallery 3<\/h4><div class=\"position\"><\/div><p class=\"description\"><\/p><\/div><\/div><div class=\"carousel-item\"><div class=\"team-member\" data-style=\"meta_below\"><img decoding=\"async\" alt=\"\" src=\"https:\/\/www.gadfoundation.com\/wp-content\/uploads\/2024\/02\/Image1_003-copy.png\" title=\"Serpent\u0131ne Gallery 4\" \/><h4 class=\"light\">Serpent\u0131ne Gallery 4<\/h4><div class=\"position\"><\/div><p class=\"description\"><\/p><\/div><\/div><div class=\"carousel-item\"><\/div><\/div>\n\t\t\t<\/div> \n\t\t<\/div>\n\t<\/div> \n<\/div><\/div>","protected":false},"excerpt":{"rendered":"GAD PAVILIONSerpent\u0131ne Gallery 1Serpent\u0131ne Gallery 2Serpent\u0131ne Gallery 3Serpent\u0131ne Gallery 4","protected":false},"author":1,"featured_media":0,"parent":0,"menu_order":0,"comment_status":"closed","ping_status":"closed","template":"","meta":{"footnotes":""},"class_list":["post-8727","page","type-page","status-publish"],"_links":{"self":[{"href":"https:\/\/www.gadfoundation.com\/tr\/wp-json\/wp\/v2\/pages\/8727","targetHints":{"allow":["GET"]}}],"collection":[{"href":"https:\/\/www.gadfoundation.com\/tr\/wp-json\/wp\/v2\/pages"}],"about":[{"href":"https:\/\/www.gadfoundation.com\/tr\/wp-json\/wp\/v2\/types\/page"}],"author":[{"embeddable":true,"href":"https:\/\/www.gadfoundation.com\/tr\/wp-json\/wp\/v2\/users\/1"}],"replies":[{"embeddable":true,"href":"https:\/\/www.gadfoundation.com\/tr\/wp-json\/wp\/v2\/comments?post=8727"}],"version-history":[{"count":10,"href":"https:\/\/www.gadfoundation.com\/tr\/wp-json\/wp\/v2\/pages\/8727\/revisions"}],"predecessor-version":[{"id":8847,"href":"https:\/\/www.gadfoundation.com\/tr\/wp-json\/wp\/v2\/pages\/8727\/revisions\/8847"}],"wp:attachment":[{"href":"https:\/\/www.gadfoundation.com\/tr\/wp-json\/wp\/v2\/media?parent=8727"}],"curies":[{"name":"wp","href":"https:\/\/api.w.org\/{rel}","templated":true}]}}