{"id":7716,"date":"2022-06-29T17:14:14","date_gmt":"2022-06-29T14:14:14","guid":{"rendered":"https:\/\/www.gadfoundation.com\/?page_id=7716"},"modified":"2024-03-27T11:30:49","modified_gmt":"2024-03-27T08:30:49","slug":"less-or-more","status":"publish","type":"page","link":"https:\/\/www.gadfoundation.com\/tr\/less-or-more\/","title":{"rendered":"LESS or MORE"},"content":{"rendered":"<div id=\"features\"  data-column-margin=\"default\" data-midnight=\"dark\" data-top-percent=\"5%\" data-bottom-percent=\"5%\"  class=\"wpb_row vc_row-fluid vc_row full-width-section has-row-bg-color\"  style=\"padding-top: calc(100vw * 0.05); padding-bottom: calc(100vw * 0.05); --row-bg-color: #ffffff;\"><div class=\"row-bg-wrap\" data-bg-animation=\"none\" data-bg-animation-delay=\"\" data-bg-overlay=\"false\"><div class=\"inner-wrap row-bg-layer\" ><div class=\"row-bg viewport-desktop using-bg-color\"  style=\"background-color: #ffffff; \"><\/div><\/div><\/div><div class=\"row_col_wrap_12 col span_12 dark left\">\n\t<div  class=\"vc_col-sm-12 wpb_column column_container vc_column_container col padding-11-percent inherit_tablet inherit_phone\"  data-padding-pos=\"left-right\" data-has-bg-color=\"false\" data-bg-color=\"\" data-bg-opacity=\"1\" data-animation=\"\" data-delay=\"0\" >\n\t\t<div class=\"vc_column-inner\" >\n\t\t\t<div class=\"wpb_wrapper\">\n\t\t\t\t<div id=\"fws_69e6b0de62d37\" data-midnight=\"\" data-column-margin=\"default\" class=\"wpb_row vc_row-fluid vc_row inner_row\"  style=\"\"><div class=\"row-bg-wrap\"> <div class=\"row-bg\" ><\/div> <\/div><div class=\"row_col_wrap_12_inner col span_12  left\">\n\t<div  class=\"vc_col-sm-12 wpb_column column_container vc_column_container col child_column centered-text has-animation no-extra-padding inherit_tablet inherit_phone\"   data-padding-pos=\"all\" data-has-bg-color=\"false\" data-bg-color=\"\" data-bg-opacity=\"1\" data-animation=\"fade-in\" data-delay=\"0\" >\n\t\t<div class=\"vc_column-inner\" >\n\t\t<div class=\"wpb_wrapper\">\n\t\t\t\n<div class=\"wpb_text_column wpb_content_element  wpb_animate_when_almost_visible wpb_bounceInDown bounceInDown vc_custom_1677837704575\" >\n\t<h2><span style=\"color: #ff00ff;\">LESS or MORE by Gokhan Avcioglu<\/span><\/h2>\n<h4>Buy Online<\/h4>\n<\/div>\n\n\n\n\n\t\t<\/div> \n\t<\/div>\n\t<\/div> \n<\/div><\/div><div id=\"fws_69e6b0de635ec\" data-midnight=\"\" data-column-margin=\"default\" class=\"wpb_row vc_row-fluid vc_row inner_row\"  style=\"\"><div class=\"row-bg-wrap\"> <div class=\"row-bg\" ><\/div> <\/div><div class=\"row_col_wrap_12_inner col span_12  left\">\n\t<div  class=\"vc_col-sm-12 wpb_column column_container vc_column_container col child_column has-animation no-extra-padding inherit_tablet inherit_phone\"   data-padding-pos=\"all\" data-has-bg-color=\"false\" data-bg-color=\"\" data-bg-opacity=\"1\" data-animation=\"fade-in-from-bottom\" data-delay=\"0\" >\n\t\t<div class=\"vc_column-inner\" >\n\t\t<div class=\"wpb_wrapper\">\n\t\t\t<div class=\"nectar_image_with_hotspots\" data-stlye=\"color_pulse\" data-hotspot-icon=\"plus_sign\" data-size=\"medium\" data-color=\"extra-color-1\" data-tooltip-func=\"hover\" data-tooltip_shadow=\"large_depth\" data-animation=\"true\"><img loading=\"lazy\" decoding=\"async\" width=\"2560\" height=\"1792\" src=\"https:\/\/www.gadfoundation.com\/wp-content\/uploads\/2022\/06\/less-or-more-5-scaled.jpg\" class=\"attachment-full size-full\" alt=\"\" srcset=\"https:\/\/www.gadfoundation.com\/wp-content\/uploads\/2022\/06\/less-or-more-5-scaled.jpg 2560w, https:\/\/www.gadfoundation.com\/wp-content\/uploads\/2022\/06\/less-or-more-5-300x210.jpg 300w, https:\/\/www.gadfoundation.com\/wp-content\/uploads\/2022\/06\/less-or-more-5-1024x717.jpg 1024w, https:\/\/www.gadfoundation.com\/wp-content\/uploads\/2022\/06\/less-or-more-5-768x538.jpg 768w, https:\/\/www.gadfoundation.com\/wp-content\/uploads\/2022\/06\/less-or-more-5-1536x1075.jpg 1536w, https:\/\/www.gadfoundation.com\/wp-content\/uploads\/2022\/06\/less-or-more-5-2048x1434.jpg 2048w, https:\/\/www.gadfoundation.com\/wp-content\/uploads\/2022\/06\/less-or-more-5-18x12.jpg 18w\" sizes=\"auto, (max-width: 2560px) 100vw, 2560px\" \/><div class=\"nectar_hotspot_wrap\" style=\"top: 14.8468%; left: 11.8261%;\"><div class=\"nectar_hotspot\"><span><\/span><\/div><div class=\"nttip\" data-tooltip-position=\"bottom\"><div class=\"inner\">\n<h5 style=\"color: #227bf7\">G\u00f6khan Avc\u0131o\u011flu and the team at GAD and GAD Foundation present a compendium of texts on architecture, design, theory, art and archaeology.<\/h5>\n<\/div><\/div><\/div><div class=\"nectar_hotspot_wrap\" style=\"top: 70.5801%; left: 39.4545%;\"><div class=\"nectar_hotspot\"><span><\/span><\/div><div class=\"nttip\" data-tooltip-position=\"bottom\"><div class=\"inner\">\n<h5 style=\"color: #227bf7\">Learning, Thinking, Sharing, Anticipating, Practicing<\/h5>\n<\/div><\/div><\/div><div class=\"nectar_hotspot_wrap\" style=\"top: 15.5057%; left: 38.6928%;\"><div class=\"nectar_hotspot\"><span><\/span><\/div><div class=\"nttip\" data-tooltip-position=\"bottom\"><div class=\"inner\">\n<h5 style=\"color: #227bf7\">Proceeds from the sales of &#8220;Less or More&#8221; are donated to the GAD Foundation.<\/h5>\n<\/div><\/div><\/div><div class=\"nectar_hotspot_wrap\" style=\"top: 57.153%; left: 71.9554%;\"><div class=\"nectar_hotspot\"><span><\/span><\/div><div class=\"nttip\" data-tooltip-position=\"bottom\"><div class=\"inner\">\n<h5 style=\"color: #227bf7\">The title of &#8221; Less or More &#8221; refers to the degree of abstraction found in architectural design.<\/h5>\n<\/div><\/div><\/div><\/div>\n\t\t<\/div> \n\t<\/div>\n\t<\/div> \n<\/div><\/div>\n\t\t\t<\/div> \n\t\t<\/div>\n\t<\/div> \n<\/div><\/div>\n\t\t<div id=\"fws_69e6b0de64dd0\"  data-column-margin=\"default\" data-midnight=\"dark\"  class=\"wpb_row vc_row-fluid vc_row\"  style=\"padding-top: 50px; padding-bottom: 50px; \"><div class=\"row-bg-wrap\" data-bg-animation=\"none\" data-bg-animation-delay=\"\" data-bg-overlay=\"false\"><div class=\"inner-wrap row-bg-layer\" ><div class=\"row-bg viewport-desktop\"  style=\"\"><\/div><\/div><\/div><div class=\"row_col_wrap_12 col span_12 dark left\">\n\t<div  class=\"vc_col-sm-12 wpb_column column_container vc_column_container col no-extra-padding inherit_tablet inherit_phone\"  data-padding-pos=\"all\" data-has-bg-color=\"false\" data-bg-color=\"\" data-bg-opacity=\"1\" data-animation=\"\" data-delay=\"0\" >\n\t\t<div class=\"vc_column-inner\" >\n\t\t\t<div class=\"wpb_wrapper\">\n\t\t\t\t<blockquote class=\"nectar_single_testimonial\" tabindex=\"0\" data-color=\"default\" data-style=\"bold\"><div class=\"inner\"> <p><span class=\"open-quote\">&#8221;<\/span>You can order via email: info@gadfoundation.com <\/p><\/div><\/blockquote>\n\t\t\t<\/div> \n\t\t<\/div>\n\t<\/div> \n<\/div><\/div>\n\t\t<div id=\"fws_69e6b0de655d4\"  data-column-margin=\"default\" data-midnight=\"light\" data-top-percent=\"8%\" data-bottom-percent=\"8%\"  class=\"wpb_row vc_row-fluid vc_row full-width-section has-row-bg-color\"  style=\"padding-top: calc(100vw * 0.08); padding-bottom: calc(100vw * 0.08); --row-bg-color: #00cfff;\"><div class=\"row-bg-wrap\" data-bg-animation=\"none\" data-bg-animation-delay=\"\" data-bg-overlay=\"false\"><div class=\"inner-wrap row-bg-layer\" ><div class=\"row-bg viewport-desktop using-bg-color\"  style=\"background-color: #00cfff; \"><\/div><\/div><\/div><div class=\"row_col_wrap_12 col span_12 light left\">\n\t<div  class=\"vc_col-sm-12 wpb_column column_container vc_column_container col no-extra-padding inherit_tablet inherit_phone\"  data-padding-pos=\"all\" data-has-bg-color=\"false\" data-bg-color=\"\" data-bg-opacity=\"1\" data-animation=\"\" data-delay=\"0\" >\n\t\t<div class=\"vc_column-inner\" >\n\t\t\t<div class=\"wpb_wrapper\">\n\t\t\t\t<div id=\"fws_69e6b0de65da0\" data-midnight=\"\" data-column-margin=\"default\" class=\"wpb_row vc_row-fluid vc_row inner_row\"  style=\"\"><div class=\"row-bg-wrap\"> <div class=\"row-bg\" ><\/div> <\/div><div class=\"row_col_wrap_12_inner col span_12  left\">\n\t<div  class=\"vc_col-sm-8 wpb_column column_container vc_column_container col child_column no-extra-padding inherit_tablet inherit_phone\"   data-padding-pos=\"all\" data-has-bg-color=\"false\" data-bg-color=\"\" data-bg-opacity=\"1\" data-animation=\"\" data-delay=\"0\" >\n\t\t<div class=\"vc_column-inner\" >\n\t\t<div class=\"wpb_wrapper\">\n\t\t\t<div class=\"nectar-highlighted-text\" data-style=\"regular_underline\" data-exp=\"default\" data-underline-thickness=\"default\" data-using-custom-color=\"true\" data-animation-delay=\"false\" data-color=\"#ff6b30\" data-color-gradient=\"#000000\" style=\"\"><h2>Product details<\/h2>\n<div id=\"m_-2668766321330914575gmail-detailBullets_feature_div\">\n<ul>\n<li>Publisher \u200f : \u200e\u00a0GAD Foundation<\/li>\n<li>Language \u200f : \u200e Turkish &amp; English<\/li>\n<li>Hardcover \u200f : \u200e\u00a0584 pages<\/li>\n<li>ISBN: \u200e\u00a0978-605-68780-1-5<\/li>\n<li>Dimensions \u200f : \u200e\u00a020x26cm<\/li>\n<li>Printing : OFSET Yap\u0131mevi &amp; PROMAT<\/li>\n<li>First Printing : 2022<\/li>\n<\/ul>\n<\/div>\n<\/div>\n\t\t<\/div> \n\t<\/div>\n\t<\/div> \n<\/div><\/div><div id=\"fws_69e6b0de66ac0\" data-midnight=\"\" data-column-margin=\"default\" class=\"wpb_row vc_row-fluid vc_row inner_row\"  style=\"\"><div class=\"row-bg-wrap\"> <div class=\"row-bg\" ><\/div> <\/div><div class=\"row_col_wrap_12_inner col span_12  left\">\n\t<div  class=\"vc_col-sm-8 wpb_column column_container vc_column_container col child_column no-extra-padding inherit_tablet inherit_phone\"   data-padding-pos=\"all\" data-has-bg-color=\"false\" data-bg-color=\"\" data-bg-opacity=\"1\" data-animation=\"\" data-delay=\"0\" >\n\t\t<div class=\"vc_column-inner\" >\n\t\t<div class=\"wpb_wrapper\">\n\t\t\t<div class=\"nectar-highlighted-text\" data-style=\"regular_underline\" data-exp=\"default\" data-underline-thickness=\"default\" data-using-custom-color=\"true\" data-animation-delay=\"false\" data-color=\"#ff6b30\" data-color-gradient=\"#000000\" style=\"\"><h3>You can purchase \u201cLESS OR MORE\u201d at <em><a href=\"https:\/\/www.patikakitabevi.com\/u\/1912\/less-or-more\">PATIKA<\/a> <\/em>bookstore in Istanbul.<\/h3>\n<h3><\/h3>\n<p>&nbsp;<\/p>\n<\/div><div class=\"nectar-highlighted-text\" data-style=\"regular_underline\" data-exp=\"default\" data-underline-thickness=\"default\" data-using-custom-color=\"true\" data-animation-delay=\"false\" data-color=\"#ff6b30\" data-color-gradient=\"#000000\" style=\"\"><h3>You can purchase \u201cLESS OR MORE\u201d at <em>GERGEDAN CADDEBOSTAN <\/em>bookstore in Istanbul.<\/h3>\n<h3><\/h3>\n<p>&nbsp;<\/p>\n<\/div>\n\t\t<\/div> \n\t<\/div>\n\t<\/div> \n<\/div><\/div><div id=\"fws_69e6b0de67666\" data-midnight=\"\" data-column-margin=\"default\" class=\"wpb_row vc_row-fluid vc_row inner_row\"  style=\"\"><div class=\"row-bg-wrap\"> <div class=\"row-bg\" ><\/div> <\/div><div class=\"row_col_wrap_12_inner col span_12  left\">\n\t<div  class=\"vc_col-sm-8 wpb_column column_container vc_column_container col child_column no-extra-padding inherit_tablet inherit_phone\"   data-padding-pos=\"all\" data-has-bg-color=\"false\" data-bg-color=\"\" data-bg-opacity=\"1\" data-animation=\"\" data-delay=\"0\" >\n\t\t<div class=\"vc_column-inner\" >\n\t\t<div class=\"wpb_wrapper\">\n\t\t\t<div class=\"nectar-highlighted-text\" data-style=\"regular_underline\" data-exp=\"default\" data-underline-thickness=\"default\" data-using-custom-color=\"true\" data-animation-delay=\"false\" data-color=\"#ff6b30\" data-color-gradient=\"#000000\" style=\"\"><h3>You can purchase \u201cLESS OR MORE\u201d at <em>ROBINSON CRUSOE 389 <\/em>bookstore in Istanbul.<\/h3>\n<h3><\/h3>\n<p>&nbsp;<\/p>\n<\/div>\n\t\t<\/div> \n\t<\/div>\n\t<\/div> \n<\/div><\/div><div id=\"fws_69e6b0de67ec9\" data-midnight=\"\" data-column-margin=\"default\" class=\"wpb_row vc_row-fluid vc_row inner_row\"  style=\"\"><div class=\"row-bg-wrap\"> <div class=\"row-bg\" ><\/div> <\/div><div class=\"row_col_wrap_12_inner col span_12  left\">\n\t<div  class=\"vc_col-sm-8 wpb_column column_container vc_column_container col child_column no-extra-padding inherit_tablet inherit_phone\"   data-padding-pos=\"all\" data-has-bg-color=\"false\" data-bg-color=\"\" data-bg-opacity=\"1\" data-animation=\"\" data-delay=\"0\" >\n\t\t<div class=\"vc_column-inner\" >\n\t\t<div class=\"wpb_wrapper\">\n\t\t\t<div class=\"nectar-highlighted-text\" data-style=\"regular_underline\" data-exp=\"default\" data-underline-thickness=\"default\" data-using-custom-color=\"true\" data-animation-delay=\"false\" data-color=\"#ff6b30\" data-color-gradient=\"#000000\" style=\"\"><h3>You can purchase \u201cLESS OR MORE\u201d at <em><a href=\"https:\/\/www.simurgkitabevi.com\/less-or-more-mimarlik-tasarim-sanat-teori-a4-turkce-ciltli-2023\" target=\"_blank\" rel=\"noopener\">SIMURG <\/a><\/em>bookstore in Istanbul.<\/h3>\n<h3><\/h3>\n<p>&nbsp;<\/p>\n<\/div>\n\t\t<\/div> \n\t<\/div>\n\t<\/div> \n<\/div><\/div><div id=\"fws_69e6b0de687e3\" data-midnight=\"\" data-column-margin=\"default\" class=\"wpb_row vc_row-fluid vc_row inner_row\"  style=\"\"><div class=\"row-bg-wrap\"> <div class=\"row-bg\" ><\/div> <\/div><div class=\"row_col_wrap_12_inner col span_12  left\">\n\t<div  class=\"vc_col-sm-8 wpb_column column_container vc_column_container col child_column no-extra-padding inherit_tablet inherit_phone\"   data-padding-pos=\"all\" data-has-bg-color=\"false\" data-bg-color=\"\" data-bg-opacity=\"1\" data-animation=\"\" data-delay=\"0\" >\n\t\t<div class=\"vc_column-inner\" >\n\t\t<div class=\"wpb_wrapper\">\n\t\t\t<div class=\"nectar-highlighted-text\" data-style=\"regular_underline\" data-exp=\"default\" data-underline-thickness=\"default\" data-using-custom-color=\"true\" data-animation-delay=\"false\" data-color=\"#ff6b30\" data-color-gradient=\"#000000\" style=\"\"><h3>You can purchase \u201cLESS OR MORE\u201d at <em><a href=\"https:\/\/yemkitabevi.com\/products\/less-or-more-mimarlik-tasarim-sanat-teori-hakkinda-yeni-fikirler-ciltli\" target=\"_blank\" rel=\"noopener\">YEM <\/a><\/em>bookstore in Istanbul.<\/h3>\n<h3><\/h3>\n<p>&nbsp;<\/p>\n<\/div>\n\t\t<\/div> \n\t<\/div>\n\t<\/div> \n<\/div><\/div><div id=\"fws_69e6b0de690d5\" data-midnight=\"\" data-column-margin=\"default\" class=\"wpb_row vc_row-fluid vc_row inner_row\"  style=\"\"><div class=\"row-bg-wrap\"> <div class=\"row-bg\" ><\/div> <\/div><div class=\"row_col_wrap_12_inner col span_12  left\">\n\t<div  class=\"vc_col-sm-8 wpb_column column_container vc_column_container col child_column no-extra-padding inherit_tablet inherit_phone\"   data-padding-pos=\"all\" data-has-bg-color=\"false\" data-bg-color=\"\" data-bg-opacity=\"1\" data-animation=\"\" data-delay=\"0\" >\n\t\t<div class=\"vc_column-inner\" >\n\t\t<div class=\"wpb_wrapper\">\n\t\t\t<div class=\"nectar-highlighted-text\" data-style=\"regular_underline\" data-exp=\"default\" data-underline-thickness=\"default\" data-using-custom-color=\"true\" data-animation-delay=\"false\" data-color=\"#ff6b30\" data-color-gradient=\"#000000\" style=\"\"><h3>You can purchase \u201cLESS OR MORE\u201d at <em><a href=\"https:\/\/www.pandora.com.tr\/Arama?text=g%C3%B6khan+avc%C4%B1o%C4%9Flu&amp;type=3&amp;araButon=\" target=\"_blank\" rel=\"noopener\">PANDORA <\/a><\/em>bookstore in Istanbul.<\/h3>\n<h3><\/h3>\n<p>&nbsp;<\/p>\n<\/div>\n\t\t<\/div> \n\t<\/div>\n\t<\/div> \n<\/div><\/div><div id=\"fws_69e6b0de69943\" data-midnight=\"\" data-column-margin=\"default\" class=\"wpb_row vc_row-fluid vc_row inner_row\"  style=\"\"><div class=\"row-bg-wrap\"> <div class=\"row-bg\" ><\/div> <\/div><div class=\"row_col_wrap_12_inner col span_12  left\">\n\t<div  class=\"vc_col-sm-8 wpb_column column_container vc_column_container col child_column no-extra-padding inherit_tablet inherit_phone\"   data-padding-pos=\"all\" data-has-bg-color=\"false\" data-bg-color=\"\" data-bg-opacity=\"1\" data-animation=\"\" data-delay=\"0\" >\n\t\t<div class=\"vc_column-inner\" >\n\t\t<div class=\"wpb_wrapper\">\n\t\t\t<div class=\"nectar-highlighted-text\" data-style=\"regular_underline\" data-exp=\"default\" data-underline-thickness=\"default\" data-using-custom-color=\"true\" data-animation-delay=\"false\" data-color=\"#ff6b30\" data-color-gradient=\"#000000\" style=\"\"><h3>You can purchase \u201cLESS OR MORE\u201d at <em>MINOA <\/em>bookstore in Istanbul.<\/h3>\n<h3><\/h3>\n<p>&nbsp;<\/p>\n<\/div>\n\t\t<\/div> \n\t<\/div>\n\t<\/div> \n<\/div><\/div><div id=\"fws_69e6b0de6a1b2\" data-midnight=\"\" data-column-margin=\"default\" class=\"wpb_row vc_row-fluid vc_row inner_row\"  style=\"\"><div class=\"row-bg-wrap\"> <div class=\"row-bg\" ><\/div> <\/div><div class=\"row_col_wrap_12_inner col span_12  left\">\n\t<div  class=\"vc_col-sm-8 wpb_column column_container vc_column_container col child_column no-extra-padding inherit_tablet inherit_phone\"   data-padding-pos=\"all\" data-has-bg-color=\"false\" data-bg-color=\"\" data-bg-opacity=\"1\" data-animation=\"\" data-delay=\"0\" >\n\t\t<div class=\"vc_column-inner\" >\n\t\t<div class=\"wpb_wrapper\">\n\t\t\t<div class=\"nectar-highlighted-text\" data-style=\"regular_underline\" data-exp=\"default\" data-underline-thickness=\"default\" data-using-custom-color=\"true\" data-animation-delay=\"false\" data-color=\"#ff6b30\" data-color-gradient=\"#000000\" style=\"\"><h3>You can purchase \u201cLESS OR MORE\u201d at <em>PAN <\/em>bookstore in Izmir.<\/h3>\n<h3><\/h3>\n<p>&nbsp;<\/p>\n<\/div>\n\t\t<\/div> \n\t<\/div>\n\t<\/div> \n<\/div><\/div><div id=\"fws_69e6b0de6a9cc\" data-midnight=\"\" data-column-margin=\"default\" class=\"wpb_row vc_row-fluid vc_row inner_row\"  style=\"\"><div class=\"row-bg-wrap\"> <div class=\"row-bg\" ><\/div> <\/div><div class=\"row_col_wrap_12_inner col span_12  left\">\n\t<div  class=\"vc_col-sm-8 wpb_column column_container vc_column_container col child_column no-extra-padding inherit_tablet inherit_phone\"   data-padding-pos=\"all\" data-has-bg-color=\"false\" data-bg-color=\"\" data-bg-opacity=\"1\" data-animation=\"\" data-delay=\"0\" >\n\t\t<div class=\"vc_column-inner\" >\n\t\t<div class=\"wpb_wrapper\">\n\t\t\t<div class=\"nectar-highlighted-text\" data-style=\"regular_underline\" data-exp=\"default\" data-underline-thickness=\"default\" data-using-custom-color=\"true\" data-animation-delay=\"false\" data-color=\"#ff6b30\" data-color-gradient=\"#000000\" style=\"\"><h3>You can purchase \u201cLESS OR MORE\u201d at <em>BASKA OL<\/em> bookstore in Antalya.<\/h3>\n<h3><\/h3>\n<p>&nbsp;<\/p>\n<\/div>\n\t\t<\/div> \n\t<\/div>\n\t<\/div> \n<\/div><\/div><div id=\"fws_69e6b0de6afb0\" data-midnight=\"\" data-column-margin=\"default\" class=\"wpb_row vc_row-fluid vc_row inner_row\"  style=\"\"><div class=\"row-bg-wrap\"> <div class=\"row-bg\" ><\/div> <\/div><div class=\"row_col_wrap_12_inner col span_12  left\">\n\t<div  class=\"vc_col-sm-8 wpb_column column_container vc_column_container col child_column no-extra-padding inherit_tablet inherit_phone\"   data-padding-pos=\"all\" data-has-bg-color=\"false\" data-bg-color=\"\" data-bg-opacity=\"1\" data-animation=\"\" data-delay=\"0\" >\n\t\t<div class=\"vc_column-inner\" >\n\t\t<div class=\"wpb_wrapper\">\n\t\t\t\n\t\t<\/div> \n\t<\/div>\n\t<\/div> \n<\/div><\/div>\n\t\t\t<\/div> \n\t\t<\/div>\n\t<\/div> \n<\/div><\/div>","protected":false},"excerpt":{"rendered":"LESS or MORE by Gokhan Avcioglu Buy Online G\u00f6khan Avc\u0131o\u011flu and the team at GAD and GAD Foundation present a compendium of texts on architecture, design, theory, art and archaeology....","protected":false},"author":1,"featured_media":0,"parent":0,"menu_order":0,"comment_status":"closed","ping_status":"closed","template":"","meta":{"footnotes":""},"class_list":["post-7716","page","type-page","status-publish"],"_links":{"self":[{"href":"https:\/\/www.gadfoundation.com\/tr\/wp-json\/wp\/v2\/pages\/7716","targetHints":{"allow":["GET"]}}],"collection":[{"href":"https:\/\/www.gadfoundation.com\/tr\/wp-json\/wp\/v2\/pages"}],"about":[{"href":"https:\/\/www.gadfoundation.com\/tr\/wp-json\/wp\/v2\/types\/page"}],"author":[{"embeddable":true,"href":"https:\/\/www.gadfoundation.com\/tr\/wp-json\/wp\/v2\/users\/1"}],"replies":[{"embeddable":true,"href":"https:\/\/www.gadfoundation.com\/tr\/wp-json\/wp\/v2\/comments?post=7716"}],"version-history":[{"count":35,"href":"https:\/\/www.gadfoundation.com\/tr\/wp-json\/wp\/v2\/pages\/7716\/revisions"}],"predecessor-version":[{"id":8777,"href":"https:\/\/www.gadfoundation.com\/tr\/wp-json\/wp\/v2\/pages\/7716\/revisions\/8777"}],"wp:attachment":[{"href":"https:\/\/www.gadfoundation.com\/tr\/wp-json\/wp\/v2\/media?parent=7716"}],"curies":[{"name":"wp","href":"https:\/\/api.w.org\/{rel}","templated":true}]}}