{"id":7613,"date":"2022-04-30T19:01:28","date_gmt":"2022-04-30T16:01:28","guid":{"rendered":"https:\/\/www.gadfoundation.com\/?page_id=7613"},"modified":"2022-06-24T15:08:09","modified_gmt":"2022-06-24T12:08:09","slug":"texts","status":"publish","type":"page","link":"https:\/\/www.gadfoundation.com\/tr\/texts\/","title":{"rendered":"TEXTS"},"content":{"rendered":"<div id=\"fws_69f2c68cb90bc\"  data-column-margin=\"default\" data-midnight=\"dark\" data-top-percent=\"6%\" data-bottom-percent=\"6%\"  class=\"wpb_row vc_row-fluid vc_row full-width-section\"  style=\"padding-top: calc(100vw * 0.06); padding-bottom: calc(100vw * 0.06); \"><div class=\"row-bg-wrap\" data-bg-animation=\"none\" data-bg-animation-delay=\"\" data-bg-overlay=\"false\"><div class=\"inner-wrap row-bg-layer\" ><div class=\"row-bg viewport-desktop\"  style=\"\"><\/div><\/div><\/div><div class=\"row_col_wrap_12 col span_12 dark left\">\n\t<div  class=\"vc_col-sm-12 wpb_column column_container vc_column_container col no-extra-padding inherit_tablet inherit_phone\"  data-padding-pos=\"all\" data-has-bg-color=\"false\" data-bg-color=\"\" data-bg-opacity=\"1\" data-animation=\"\" data-delay=\"0\" >\n\t\t<div class=\"vc_column-inner\" >\n\t\t\t<div class=\"wpb_wrapper\">\n\t\t\t\t\n<div class=\"row\">\n\n <div class=\"post-area col  span_12 col_last masonry material\" data-ams=\"\" data-remove-post-date=\"\" data-remove-post-author=\"\" data-remove-post-comment-number=\"\" data-remove-post-nectar-love=\"\"> <div class=\"posts-container\" data-load-animation=\"fade_in_from_bottom\">     \n     \n<article id=\"post-8782\" class=\"masonry-blog-item post-8782 post type-post status-publish format-standard category-design\">  \n    \n  <div class=\"inner-wrap animated\">\n    \n    <div class=\"post-content\">\n\n      <div class=\"content-inner\">\n        \n        <a class=\"entire-meta-link\" href=\"https:\/\/www.gadfoundation.com\/tr\/earthquake-management-and-disaster-preparationin-taiwan-and-turkey-a-comparison\/\"><span class=\"screen-reader-text\">EARTHQUAKE MANAGEMENT AND DISASTER PREPARATIONIN TAIWAN AND TURKEY: A COMPARISON<\/span><\/a>\n        \n        <span class=\"meta-category\"><a class=\"design\" href=\"https:\/\/www.gadfoundation.com\/tr\/category\/design\/\">Design<\/a><\/span>        \n        <div class=\"article-content-wrap\">\n          \n          <div class=\"post-header\">\n            <h3 class=\"title\"><a href=\"https:\/\/www.gadfoundation.com\/tr\/earthquake-management-and-disaster-preparationin-taiwan-and-turkey-a-comparison\/\"> EARTHQUAKE MANAGEMENT AND DISASTER PREPARATIONIN TAIWAN AND TURKEY: A COMPARISON<\/a><\/h3>\n          <\/div>\n          \n          <div class=\"excerpt\">This report addresses the earthquake management and disaster preparedness strategies of Taiwan and Turkey, emphasizing&hellip;<\/div><div class=\"grav-wrap\"><a href=\"https:\/\/www.gadfoundation.com\/tr\/author\/gadfoundation\/\"><\/a><div class=\"text\"><a href=\"https:\/\/www.gadfoundation.com\/tr\/author\/gadfoundation\/\" rel=\"author\">gadfoundation<\/a><span>Nisan 15, 2024<\/span><\/div><\/div>\n        <\/div><!--article-content-wrap-->\n        \n      <\/div><!--\/content-inner-->\n        \n    <\/div><!--\/post-content-->\n      \n  <\/div><!--\/inner-wrap-->\n    \n<\/article>     \n     \n<article id=\"post-7682\" class=\"masonry-blog-item post-7682 post type-post status-publish format-standard has-post-thumbnail category-design\">  \n    \n  <div class=\"inner-wrap animated\">\n    \n    <div class=\"post-content\">\n\n      <div class=\"content-inner\">\n        \n        <a class=\"entire-meta-link\" href=\"https:\/\/www.gadfoundation.com\/tr\/timberhouseproject\/\"><span class=\"screen-reader-text\">TIMBER HOUSE PROJECT<\/span><\/a>\n        \n        <span class=\"post-featured-img\"><img loading=\"lazy\" decoding=\"async\" width=\"1024\" height=\"1024\" src=\"https:\/\/www.gadfoundation.com\/wp-content\/uploads\/2022\/05\/TIMBER1-1024x1024.jpg\" class=\"attachment-large size-large skip-lazy wp-post-image\" alt=\"\" title=\"\" sizes=\"auto, (min-width: 1600px) 20vw, (min-width: 1300px) 25vw, (min-width: 1000px) 33.3vw, (min-width: 690px) 50vw, 100vw\" srcset=\"https:\/\/www.gadfoundation.com\/wp-content\/uploads\/2022\/05\/TIMBER1-1024x1024.jpg 1024w, https:\/\/www.gadfoundation.com\/wp-content\/uploads\/2022\/05\/TIMBER1-300x300.jpg 300w, https:\/\/www.gadfoundation.com\/wp-content\/uploads\/2022\/05\/TIMBER1-150x150.jpg 150w, https:\/\/www.gadfoundation.com\/wp-content\/uploads\/2022\/05\/TIMBER1-768x768.jpg 768w, https:\/\/www.gadfoundation.com\/wp-content\/uploads\/2022\/05\/TIMBER1-1536x1536.jpg 1536w, https:\/\/www.gadfoundation.com\/wp-content\/uploads\/2022\/05\/TIMBER1-2048x2048.jpg 2048w, https:\/\/www.gadfoundation.com\/wp-content\/uploads\/2022\/05\/TIMBER1-12x12.jpg 12w, https:\/\/www.gadfoundation.com\/wp-content\/uploads\/2022\/05\/TIMBER1-100x100.jpg 100w, https:\/\/www.gadfoundation.com\/wp-content\/uploads\/2022\/05\/TIMBER1-140x140.jpg 140w, https:\/\/www.gadfoundation.com\/wp-content\/uploads\/2022\/05\/TIMBER1-500x500.jpg 500w, https:\/\/www.gadfoundation.com\/wp-content\/uploads\/2022\/05\/TIMBER1-350x350.jpg 350w, https:\/\/www.gadfoundation.com\/wp-content\/uploads\/2022\/05\/TIMBER1-1000x1000.jpg 1000w, https:\/\/www.gadfoundation.com\/wp-content\/uploads\/2022\/05\/TIMBER1-800x800.jpg 800w\" \/><\/span><span class=\"meta-category\"><a class=\"design\" href=\"https:\/\/www.gadfoundation.com\/tr\/category\/design\/\">Design<\/a><\/span>        \n        <div class=\"article-content-wrap\">\n          \n          <div class=\"post-header\">\n            <h3 class=\"title\"><a href=\"https:\/\/www.gadfoundation.com\/tr\/timberhouseproject\/\"> TIMBER HOUSE PROJECT<\/a><\/h3>\n          <\/div>\n          \n          <div class=\"excerpt\">The issue of the traditional Turkish house is a topic that has been extensively contemplated&hellip;<\/div><div class=\"grav-wrap\"><a href=\"https:\/\/www.gadfoundation.com\/tr\/author\/gadfoundation\/\"><\/a><div class=\"text\"><a href=\"https:\/\/www.gadfoundation.com\/tr\/author\/gadfoundation\/\" rel=\"author\">gadfoundation<\/a><span>May\u0131s 7, 2022<\/span><\/div><\/div>\n        <\/div><!--article-content-wrap-->\n        \n      <\/div><!--\/content-inner-->\n        \n    <\/div><!--\/post-content-->\n      \n  <\/div><!--\/inner-wrap-->\n    \n<\/article>     \n     \n<article id=\"post-7664\" class=\"masonry-blog-item post-7664 post type-post status-publish format-standard has-post-thumbnail category-design\">  \n    \n  <div class=\"inner-wrap animated\">\n    \n    <div class=\"post-content\">\n\n      <div class=\"content-inner\">\n        \n        <a class=\"entire-meta-link\" href=\"https:\/\/www.gadfoundation.com\/tr\/deeplearning\/\"><span class=\"screen-reader-text\">DEEP LEARNING<\/span><\/a>\n        \n        <span class=\"post-featured-img\"><img loading=\"lazy\" decoding=\"async\" width=\"1024\" height=\"1024\" src=\"https:\/\/www.gadfoundation.com\/wp-content\/uploads\/2022\/05\/Artboard-49-1024x1024.jpg\" class=\"attachment-large size-large skip-lazy wp-post-image\" alt=\"\" title=\"\" sizes=\"auto, (min-width: 1600px) 20vw, (min-width: 1300px) 25vw, (min-width: 1000px) 33.3vw, (min-width: 690px) 50vw, 100vw\" srcset=\"https:\/\/www.gadfoundation.com\/wp-content\/uploads\/2022\/05\/Artboard-49-1024x1024.jpg 1024w, https:\/\/www.gadfoundation.com\/wp-content\/uploads\/2022\/05\/Artboard-49-300x300.jpg 300w, https:\/\/www.gadfoundation.com\/wp-content\/uploads\/2022\/05\/Artboard-49-150x150.jpg 150w, https:\/\/www.gadfoundation.com\/wp-content\/uploads\/2022\/05\/Artboard-49-768x768.jpg 768w, https:\/\/www.gadfoundation.com\/wp-content\/uploads\/2022\/05\/Artboard-49-1536x1536.jpg 1536w, https:\/\/www.gadfoundation.com\/wp-content\/uploads\/2022\/05\/Artboard-49-2048x2048.jpg 2048w, https:\/\/www.gadfoundation.com\/wp-content\/uploads\/2022\/05\/Artboard-49-12x12.jpg 12w, https:\/\/www.gadfoundation.com\/wp-content\/uploads\/2022\/05\/Artboard-49-100x100.jpg 100w, https:\/\/www.gadfoundation.com\/wp-content\/uploads\/2022\/05\/Artboard-49-140x140.jpg 140w, https:\/\/www.gadfoundation.com\/wp-content\/uploads\/2022\/05\/Artboard-49-500x500.jpg 500w, https:\/\/www.gadfoundation.com\/wp-content\/uploads\/2022\/05\/Artboard-49-350x350.jpg 350w, https:\/\/www.gadfoundation.com\/wp-content\/uploads\/2022\/05\/Artboard-49-1000x1000.jpg 1000w, https:\/\/www.gadfoundation.com\/wp-content\/uploads\/2022\/05\/Artboard-49-800x800.jpg 800w\" \/><\/span><span class=\"meta-category\"><a class=\"design\" href=\"https:\/\/www.gadfoundation.com\/tr\/category\/design\/\">Design<\/a><\/span>        \n        <div class=\"article-content-wrap\">\n          \n          <div class=\"post-header\">\n            <h3 class=\"title\"><a href=\"https:\/\/www.gadfoundation.com\/tr\/deeplearning\/\"> DEEP LEARNING<\/a><\/h3>\n          <\/div>\n          \n          <div class=\"excerpt\">Deep learning is part of a broader family of machine learning methods based on artificial&hellip;<\/div><div class=\"grav-wrap\"><a href=\"https:\/\/www.gadfoundation.com\/tr\/author\/gadfoundation\/\"><\/a><div class=\"text\"><a href=\"https:\/\/www.gadfoundation.com\/tr\/author\/gadfoundation\/\" rel=\"author\">gadfoundation<\/a><span>May\u0131s 5, 2022<\/span><\/div><\/div>\n        <\/div><!--article-content-wrap-->\n        \n      <\/div><!--\/content-inner-->\n        \n    <\/div><!--\/post-content-->\n      \n  <\/div><!--\/inner-wrap-->\n    \n<\/article>     \n     \n<article id=\"post-7658\" class=\"masonry-blog-item post-7658 post type-post status-publish format-standard has-post-thumbnail category-design category-metaverse\">  \n    \n  <div class=\"inner-wrap animated\">\n    \n    <div class=\"post-content\">\n\n      <div class=\"content-inner\">\n        \n        <a class=\"entire-meta-link\" href=\"https:\/\/www.gadfoundation.com\/tr\/machinelearning\/\"><span class=\"screen-reader-text\">MACHINE LEARNING<\/span><\/a>\n        \n        <span class=\"post-featured-img\"><img loading=\"lazy\" decoding=\"async\" width=\"1024\" height=\"1021\" src=\"https:\/\/www.gadfoundation.com\/wp-content\/uploads\/2022\/05\/MLSKETCHES-1024x1021.png\" class=\"attachment-large size-large skip-lazy wp-post-image\" alt=\"\" title=\"\" sizes=\"auto, (min-width: 1600px) 20vw, (min-width: 1300px) 25vw, (min-width: 1000px) 33.3vw, (min-width: 690px) 50vw, 100vw\" srcset=\"https:\/\/www.gadfoundation.com\/wp-content\/uploads\/2022\/05\/MLSKETCHES-1024x1021.png 1024w, https:\/\/www.gadfoundation.com\/wp-content\/uploads\/2022\/05\/MLSKETCHES-300x300.png 300w, https:\/\/www.gadfoundation.com\/wp-content\/uploads\/2022\/05\/MLSKETCHES-150x150.png 150w, https:\/\/www.gadfoundation.com\/wp-content\/uploads\/2022\/05\/MLSKETCHES-768x766.png 768w, https:\/\/www.gadfoundation.com\/wp-content\/uploads\/2022\/05\/MLSKETCHES-1536x1532.png 1536w, https:\/\/www.gadfoundation.com\/wp-content\/uploads\/2022\/05\/MLSKETCHES-2048x2042.png 2048w, https:\/\/www.gadfoundation.com\/wp-content\/uploads\/2022\/05\/MLSKETCHES-12x12.png 12w, https:\/\/www.gadfoundation.com\/wp-content\/uploads\/2022\/05\/MLSKETCHES-100x100.png 100w, https:\/\/www.gadfoundation.com\/wp-content\/uploads\/2022\/05\/MLSKETCHES-140x140.png 140w, https:\/\/www.gadfoundation.com\/wp-content\/uploads\/2022\/05\/MLSKETCHES-500x500.png 500w, https:\/\/www.gadfoundation.com\/wp-content\/uploads\/2022\/05\/MLSKETCHES-350x350.png 350w\" \/><\/span><span class=\"meta-category\"><a class=\"design\" href=\"https:\/\/www.gadfoundation.com\/tr\/category\/design\/\">Design<\/a><a class=\"metaverse\" href=\"https:\/\/www.gadfoundation.com\/tr\/category\/metaverse\/\">Metaverse<\/a><\/span>        \n        <div class=\"article-content-wrap\">\n          \n          <div class=\"post-header\">\n            <h3 class=\"title\"><a href=\"https:\/\/www.gadfoundation.com\/tr\/machinelearning\/\"> MACHINE LEARNING<\/a><\/h3>\n          <\/div>\n          \n          <div class=\"excerpt\">Machine learning is a subset of artificial intelligence that concerns the implementation of algorithms and&hellip;<\/div><div class=\"grav-wrap\"><a href=\"https:\/\/www.gadfoundation.com\/tr\/author\/gadfoundation\/\"><\/a><div class=\"text\"><a href=\"https:\/\/www.gadfoundation.com\/tr\/author\/gadfoundation\/\" rel=\"author\">gadfoundation<\/a><span>May\u0131s 5, 2022<\/span><\/div><\/div>\n        <\/div><!--article-content-wrap-->\n        \n      <\/div><!--\/content-inner-->\n        \n    <\/div><!--\/post-content-->\n      \n  <\/div><!--\/inner-wrap-->\n    \n<\/article>     \n     \n<article id=\"post-7646\" class=\"masonry-blog-item post-7646 post type-post status-publish format-standard has-post-thumbnail category-design\">  \n    \n  <div class=\"inner-wrap animated\">\n    \n    <div class=\"post-content\">\n\n      <div class=\"content-inner\">\n        \n        <a class=\"entire-meta-link\" href=\"https:\/\/www.gadfoundation.com\/tr\/gadmindset\/\"><span class=\"screen-reader-text\">GAD MINDSET<\/span><\/a>\n        \n        <span class=\"post-featured-img\"><img loading=\"lazy\" decoding=\"async\" width=\"788\" height=\"1024\" src=\"https:\/\/www.gadfoundation.com\/wp-content\/uploads\/2022\/05\/GADMindset_R4_s_Artboard-1-788x1024.jpg\" class=\"attachment-large size-large skip-lazy wp-post-image\" alt=\"\" title=\"\" sizes=\"auto, (min-width: 1600px) 20vw, (min-width: 1300px) 25vw, (min-width: 1000px) 33.3vw, (min-width: 690px) 50vw, 100vw\" srcset=\"https:\/\/www.gadfoundation.com\/wp-content\/uploads\/2022\/05\/GADMindset_R4_s_Artboard-1-788x1024.jpg 788w, https:\/\/www.gadfoundation.com\/wp-content\/uploads\/2022\/05\/GADMindset_R4_s_Artboard-1-231x300.jpg 231w, https:\/\/www.gadfoundation.com\/wp-content\/uploads\/2022\/05\/GADMindset_R4_s_Artboard-1-768x998.jpg 768w, https:\/\/www.gadfoundation.com\/wp-content\/uploads\/2022\/05\/GADMindset_R4_s_Artboard-1-1182x1536.jpg 1182w, https:\/\/www.gadfoundation.com\/wp-content\/uploads\/2022\/05\/GADMindset_R4_s_Artboard-1-1575x2048.jpg 1575w, https:\/\/www.gadfoundation.com\/wp-content\/uploads\/2022\/05\/GADMindset_R4_s_Artboard-1-9x12.jpg 9w, https:\/\/www.gadfoundation.com\/wp-content\/uploads\/2022\/05\/GADMindset_R4_s_Artboard-1-scaled.jpg 1969w\" \/><\/span><span class=\"meta-category\"><a class=\"design\" href=\"https:\/\/www.gadfoundation.com\/tr\/category\/design\/\">Design<\/a><\/span>        \n        <div class=\"article-content-wrap\">\n          \n          <div class=\"post-header\">\n            <h3 class=\"title\"><a href=\"https:\/\/www.gadfoundation.com\/tr\/gadmindset\/\"> GAD MINDSET<\/a><\/h3>\n          <\/div>\n          \n          <div class=\"excerpt\">The Art of Scripting Is writing code an art form or an artisan activity? Is&hellip;<\/div><div class=\"grav-wrap\"><a href=\"https:\/\/www.gadfoundation.com\/tr\/author\/gadfoundation\/\"><\/a><div class=\"text\"><a href=\"https:\/\/www.gadfoundation.com\/tr\/author\/gadfoundation\/\" rel=\"author\">gadfoundation<\/a><span>May\u0131s 5, 2022<\/span><\/div><\/div>\n        <\/div><!--article-content-wrap-->\n        \n      <\/div><!--\/content-inner-->\n        \n    <\/div><!--\/post-content-->\n      \n  <\/div><!--\/inner-wrap-->\n    \n<\/article>     \n     \n<article id=\"post-7629\" class=\"masonry-blog-item post-7629 post type-post status-publish format-standard has-post-thumbnail category-design tag-ai tag-artificial tag-design tag-intelligence\">  \n    \n  <div class=\"inner-wrap animated\">\n    \n    <div class=\"post-content\">\n\n      <div class=\"content-inner\">\n        \n        <a class=\"entire-meta-link\" href=\"https:\/\/www.gadfoundation.com\/tr\/artificialintelligence\/\"><span class=\"screen-reader-text\">ARTIFICIAL INTELLIGENCE<\/span><\/a>\n        \n        <span class=\"post-featured-img\"><img loading=\"lazy\" decoding=\"async\" width=\"1024\" height=\"354\" src=\"https:\/\/www.gadfoundation.com\/wp-content\/uploads\/2022\/05\/TownscaperLow-1024x354.jpg\" class=\"attachment-large size-large skip-lazy wp-post-image\" alt=\"\" title=\"\" sizes=\"auto, (min-width: 1600px) 20vw, (min-width: 1300px) 25vw, (min-width: 1000px) 33.3vw, (min-width: 690px) 50vw, 100vw\" srcset=\"https:\/\/www.gadfoundation.com\/wp-content\/uploads\/2022\/05\/TownscaperLow-1024x354.jpg 1024w, https:\/\/www.gadfoundation.com\/wp-content\/uploads\/2022\/05\/TownscaperLow-300x104.jpg 300w, https:\/\/www.gadfoundation.com\/wp-content\/uploads\/2022\/05\/TownscaperLow-768x266.jpg 768w, https:\/\/www.gadfoundation.com\/wp-content\/uploads\/2022\/05\/TownscaperLow-1536x531.jpg 1536w, https:\/\/www.gadfoundation.com\/wp-content\/uploads\/2022\/05\/TownscaperLow-2048x709.jpg 2048w, https:\/\/www.gadfoundation.com\/wp-content\/uploads\/2022\/05\/TownscaperLow-18x6.jpg 18w\" \/><\/span><span class=\"meta-category\"><a class=\"design\" href=\"https:\/\/www.gadfoundation.com\/tr\/category\/design\/\">Design<\/a><\/span>        \n        <div class=\"article-content-wrap\">\n          \n          <div class=\"post-header\">\n            <h3 class=\"title\"><a href=\"https:\/\/www.gadfoundation.com\/tr\/artificialintelligence\/\"> ARTIFICIAL INTELLIGENCE<\/a><\/h3>\n          <\/div>\n          \n          <div class=\"excerpt\">There have been significant changes in the field of architecture in the 2000's. As factors&hellip;<\/div><div class=\"grav-wrap\"><a href=\"https:\/\/www.gadfoundation.com\/tr\/author\/gadfoundation\/\"><\/a><div class=\"text\"><a href=\"https:\/\/www.gadfoundation.com\/tr\/author\/gadfoundation\/\" rel=\"author\">gadfoundation<\/a><span>May\u0131s 5, 2022<\/span><\/div><\/div>\n        <\/div><!--article-content-wrap-->\n        \n      <\/div><!--\/content-inner-->\n        \n    <\/div><!--\/post-content-->\n      \n  <\/div><!--\/inner-wrap-->\n    \n<\/article>     \n     \n<article id=\"post-7596\" class=\"masonry-blog-item post-7596 post type-post status-publish format-standard has-post-thumbnail category-metaverse\">  \n    \n  <div class=\"inner-wrap animated\">\n    \n    <div class=\"post-content\">\n\n      <div class=\"content-inner\">\n        \n        <a class=\"entire-meta-link\" href=\"https:\/\/www.gadfoundation.com\/tr\/metaverse\/\"><span class=\"screen-reader-text\">METAVERSE<\/span><\/a>\n        \n        <span class=\"post-featured-img\"><img loading=\"lazy\" decoding=\"async\" width=\"1024\" height=\"1024\" src=\"https:\/\/www.gadfoundation.com\/wp-content\/uploads\/2022\/04\/1-1024x1024.jpg\" class=\"attachment-large size-large skip-lazy wp-post-image\" alt=\"\" title=\"\" sizes=\"auto, (min-width: 1600px) 20vw, (min-width: 1300px) 25vw, (min-width: 1000px) 33.3vw, (min-width: 690px) 50vw, 100vw\" srcset=\"https:\/\/www.gadfoundation.com\/wp-content\/uploads\/2022\/04\/1-1024x1024.jpg 1024w, https:\/\/www.gadfoundation.com\/wp-content\/uploads\/2022\/04\/1-300x300.jpg 300w, https:\/\/www.gadfoundation.com\/wp-content\/uploads\/2022\/04\/1-150x150.jpg 150w, https:\/\/www.gadfoundation.com\/wp-content\/uploads\/2022\/04\/1-768x768.jpg 768w, https:\/\/www.gadfoundation.com\/wp-content\/uploads\/2022\/04\/1-1536x1536.jpg 1536w, https:\/\/www.gadfoundation.com\/wp-content\/uploads\/2022\/04\/1-2048x2048.jpg 2048w, https:\/\/www.gadfoundation.com\/wp-content\/uploads\/2022\/04\/1-12x12.jpg 12w, https:\/\/www.gadfoundation.com\/wp-content\/uploads\/2022\/04\/1-100x100.jpg 100w, https:\/\/www.gadfoundation.com\/wp-content\/uploads\/2022\/04\/1-140x140.jpg 140w, https:\/\/www.gadfoundation.com\/wp-content\/uploads\/2022\/04\/1-500x500.jpg 500w, https:\/\/www.gadfoundation.com\/wp-content\/uploads\/2022\/04\/1-350x350.jpg 350w, https:\/\/www.gadfoundation.com\/wp-content\/uploads\/2022\/04\/1-1000x1000.jpg 1000w, https:\/\/www.gadfoundation.com\/wp-content\/uploads\/2022\/04\/1-800x800.jpg 800w\" \/><\/span><span class=\"meta-category\"><a class=\"metaverse\" href=\"https:\/\/www.gadfoundation.com\/tr\/category\/metaverse\/\">Metaverse<\/a><\/span>        \n        <div class=\"article-content-wrap\">\n          \n          <div class=\"post-header\">\n            <h3 class=\"title\"><a href=\"https:\/\/www.gadfoundation.com\/tr\/metaverse\/\"> METAVERSE<\/a><\/h3>\n          <\/div>\n          \n          <div class=\"excerpt\">SCIENCE FICTION - METAVERSE &nbsp; Gelecekle ilgili optimist bak\u0131\u015f\u0131m\u0131z okuyucuya \u00e7ok abart\u0131l\u0131 gelebilir. Ancak gelecekle&hellip;<\/div><div class=\"grav-wrap\"><a href=\"https:\/\/www.gadfoundation.com\/tr\/author\/gadfoundation\/\"><\/a><div class=\"text\"><a href=\"https:\/\/www.gadfoundation.com\/tr\/author\/gadfoundation\/\" rel=\"author\">gadfoundation<\/a><span>Nisan 30, 2022<\/span><\/div><\/div>\n        <\/div><!--article-content-wrap-->\n        \n      <\/div><!--\/content-inner-->\n        \n    <\/div><!--\/post-content-->\n      \n  <\/div><!--\/inner-wrap-->\n    \n<\/article>     \n     \n<article id=\"post-2326\" class=\"masonry-blog-item post-2326 post type-post status-publish format-standard has-post-thumbnail category-featured\">  \n    \n  <div class=\"inner-wrap animated\">\n    \n    <div class=\"post-content\">\n\n      <div class=\"content-inner\">\n        \n        <a class=\"entire-meta-link\" href=\"https:\/\/www.gadfoundation.com\/tr\/architectureinwaste\/\"><span class=\"screen-reader-text\">ARCHITECTURE IN WASTE(ING) OUT<\/span><\/a>\n        \n        <span class=\"post-featured-img\"><img loading=\"lazy\" decoding=\"async\" width=\"1024\" height=\"1024\" src=\"https:\/\/www.gadfoundation.com\/wp-content\/uploads\/2015\/05\/WASTE1-1024x1024.jpg\" class=\"attachment-large size-large skip-lazy wp-post-image\" alt=\"\" title=\"\" sizes=\"auto, (min-width: 1600px) 20vw, (min-width: 1300px) 25vw, (min-width: 1000px) 33.3vw, (min-width: 690px) 50vw, 100vw\" srcset=\"https:\/\/www.gadfoundation.com\/wp-content\/uploads\/2015\/05\/WASTE1-1024x1024.jpg 1024w, https:\/\/www.gadfoundation.com\/wp-content\/uploads\/2015\/05\/WASTE1-300x300.jpg 300w, https:\/\/www.gadfoundation.com\/wp-content\/uploads\/2015\/05\/WASTE1-150x150.jpg 150w, https:\/\/www.gadfoundation.com\/wp-content\/uploads\/2015\/05\/WASTE1-768x768.jpg 768w, https:\/\/www.gadfoundation.com\/wp-content\/uploads\/2015\/05\/WASTE1-1536x1536.jpg 1536w, https:\/\/www.gadfoundation.com\/wp-content\/uploads\/2015\/05\/WASTE1-2048x2048.jpg 2048w, https:\/\/www.gadfoundation.com\/wp-content\/uploads\/2015\/05\/WASTE1-12x12.jpg 12w, https:\/\/www.gadfoundation.com\/wp-content\/uploads\/2015\/05\/WASTE1-100x100.jpg 100w, https:\/\/www.gadfoundation.com\/wp-content\/uploads\/2015\/05\/WASTE1-140x140.jpg 140w, https:\/\/www.gadfoundation.com\/wp-content\/uploads\/2015\/05\/WASTE1-500x500.jpg 500w, https:\/\/www.gadfoundation.com\/wp-content\/uploads\/2015\/05\/WASTE1-350x350.jpg 350w, https:\/\/www.gadfoundation.com\/wp-content\/uploads\/2015\/05\/WASTE1-1000x1000.jpg 1000w, https:\/\/www.gadfoundation.com\/wp-content\/uploads\/2015\/05\/WASTE1-800x800.jpg 800w\" \/><\/span><span class=\"meta-category\"><a class=\"featured\" href=\"https:\/\/www.gadfoundation.com\/tr\/category\/featured\/\">Featured<\/a><\/span>        \n        <div class=\"article-content-wrap\">\n          \n          <div class=\"post-header\">\n            <h3 class=\"title\"><a href=\"https:\/\/www.gadfoundation.com\/tr\/architectureinwaste\/\"> ARCHITECTURE IN WASTE(ING) OUT<\/a><\/h3>\n          <\/div>\n          \n          <div class=\"excerpt\">Architecture in Waste(ing) out Toxic \u2013 from medieval Latin\u00a0toxicus\u00a0\u201cpoisoned\u201d, from Latin\u00a0toxicum\u00a0\u201cpoison\u201d, from Greek\u00a0toxikon (pharmakon)\u00a0\u201c(poison for)&hellip;<\/div><div class=\"grav-wrap\"><a href=\"https:\/\/www.gadfoundation.com\/tr\/author\/gadfoundation\/\"><\/a><div class=\"text\"><a href=\"https:\/\/www.gadfoundation.com\/tr\/author\/gadfoundation\/\" rel=\"author\">gadfoundation<\/a><span>May\u0131s 22, 2015<\/span><\/div><\/div>\n        <\/div><!--article-content-wrap-->\n        \n      <\/div><!--\/content-inner-->\n        \n    <\/div><!--\/post-content-->\n      \n  <\/div><!--\/inner-wrap-->\n    \n<\/article>    \n    <\/div><!--\/posts container-->\n    \n      \n<\/div><!--\/post area-->\n\n  \n\n<\/div>\n\n\n\t\t\t<\/div> \n\t\t<\/div>\n\t<\/div> \n<\/div><\/div>","protected":false},"excerpt":{"rendered":"Architecture in Waste(ing) out Toxic \u2013 from medieval Latin\u00a0toxicus\u00a0\u201cpoisoned\u201d, from Latin\u00a0toxicum\u00a0\u201cpoison\u201d, from Greek\u00a0toxikon (pharmakon)\u00a0\u201c(poison for) arrows\u201d, from\u00a0toxon \u201cbow\u201d Waste \u2013 from Latin term vastus \u201cunwanted\u201d or \u201cunusable material\u201d, \u201csubstances\u201d, or...","protected":false},"author":1,"featured_media":0,"parent":0,"menu_order":0,"comment_status":"closed","ping_status":"closed","template":"","meta":{"footnotes":""},"class_list":["post-7613","page","type-page","status-publish"],"_links":{"self":[{"href":"https:\/\/www.gadfoundation.com\/tr\/wp-json\/wp\/v2\/pages\/7613","targetHints":{"allow":["GET"]}}],"collection":[{"href":"https:\/\/www.gadfoundation.com\/tr\/wp-json\/wp\/v2\/pages"}],"about":[{"href":"https:\/\/www.gadfoundation.com\/tr\/wp-json\/wp\/v2\/types\/page"}],"author":[{"embeddable":true,"href":"https:\/\/www.gadfoundation.com\/tr\/wp-json\/wp\/v2\/users\/1"}],"replies":[{"embeddable":true,"href":"https:\/\/www.gadfoundation.com\/tr\/wp-json\/wp\/v2\/comments?post=7613"}],"version-history":[{"count":2,"href":"https:\/\/www.gadfoundation.com\/tr\/wp-json\/wp\/v2\/pages\/7613\/revisions"}],"predecessor-version":[{"id":7715,"href":"https:\/\/www.gadfoundation.com\/tr\/wp-json\/wp\/v2\/pages\/7613\/revisions\/7715"}],"wp:attachment":[{"href":"https:\/\/www.gadfoundation.com\/tr\/wp-json\/wp\/v2\/media?parent=7613"}],"curies":[{"name":"wp","href":"https:\/\/api.w.org\/{rel}","templated":true}]}}